{"id":12437,"date":"2017-03-20T16:09:35","date_gmt":"2017-03-20T13:09:35","guid":{"rendered":"http:\/\/amasra.com.tr\/?page_id=12437"},"modified":"2018-07-17T11:09:08","modified_gmt":"2018-07-17T08:09:08","slug":"%d8%a7%d9%84%d8%a3%d9%85%d8%b5%d8%b1%d8%a9-%d9%84%d8%aa%d8%b5%d9%86%d9%8a%d8%b9-%d8%a7%d9%84%d8%a3%d8%ae%d8%b4%d8%a7%d8%a8-%d8%a8%d8%a7%d9%84%d8%ac%d9%85%d9%84%d8%a9","status":"publish","type":"page","link":"https:\/\/amasra.com.tr\/ar\/amasra-ahsap-imalati-toptan-satis\/","title":{"rendered":"\u0623\u0645\u0627\u0633\u0631\u0627 \u0644\u062a\u0635\u0646\u064a\u0639 \u0627\u0644\u0623\u062e\u0634\u0627\u0628 \u0628\u0627\u0644\u062c\u0645\u0644\u0629"},"content":{"rendered":"<h1><span class=\"trail-end\">Amasra Ah\u015fap \u0130malat\u0131 Yapan Firmalar<br \/>\n<\/span><\/h1>\n<p>Amasra toptan sat\u0131\u015f konusunda a\u011fa\u00e7 i\u015f\u00e7ili\u011fi aras\u0131nda ilk s\u0131rada yer almaktad\u0131r. Amasra&#8217;da ah\u015fap hediyelik e\u015fya \u00fcretimi yapan birka\u00e7 firma mevcuttur. Bu firmalar \u00fcr\u00fcnleri toptan ve perakende olarak satmaktad\u0131rlar. \u0130malat hakk\u0131nda, \u00fcr\u00fcn \u00e7e\u015fitleri ve fiyatlar\u0131 hakk\u0131nda bilgiyi telefon ile alabilirsiniz. \u0130leti\u015fim bilgilerine a\u015fa\u011f\u0131dan ula\u015fabilirsiniz:<\/p>\n<p>&nbsp;<\/p>\n<h2>Amastris Biblo<\/h2>\n<p>Kurucusu rahmetli Necmi D\u00f6nmez Bey&#8217;dir. \u015eu anda Ali R\u0131za D\u00f6nmez taraf\u0131nda i\u015fletilmektedir. Amasra&#8217;n\u0131n en eski ve k\u00f6kl\u00fc \u00fcreticilerindendir. \u00c7ekiciler \u00e7ar\u015f\u0131s\u0131nda d\u00fckkanlar\u0131 bulunur. Hem toptan hem perakende sat\u0131\u015f yaparlar.<\/p>\n<p>Amastris taraf\u0131nda sat\u0131lan baz\u0131 \u00fcr\u00fcnler:<\/p>\n<p>[nggallery id=147]<\/p>\n<p><strong>Adres:<\/strong> \u00c7ekiciler \u00c7ar\u015f\u0131s\u0131 No:40<\/p>\n<p><strong>Telefon: <\/strong>0 378 315 11 38<\/p>\n<p>&nbsp;<\/p>\n<h2>Huzur Biblo<\/h2>\n<p>Kaz\u0131m Hoca&#8217;n\u0131n yeri yine \u00e7ekiciler \u00e7ar\u015f\u0131s\u0131ndad\u0131r. Gen\u00e7 ya\u015ftaki \u00e7ocuklar\u0131n\u0131n \u00fcretime kat\u0131lmas\u0131yla yenilik\u00e7i ve modern tasar\u0131mlarda ortaya \u00e7\u0131kmaktad\u0131r. Hem toptan hem perakende sat\u0131\u015flar\u0131 vard\u0131r.<\/p>\n<p class=\"style1\" style=\"text-align: left;\" align=\"center\"><strong>Adres:<\/strong> \u00c7ekiciler Sokak No:32\/34 Amasra\/Bart\u0131n<\/p>\n<p class=\"style3\" style=\"text-align: left;\" align=\"center\"><strong>Tel:<\/strong> 0378 315 1750<\/p>\n<p class=\"style3\" style=\"text-align: left;\" align=\"center\">huzurbiblo@hotmail.com<\/p>\n<p class=\"style3\" style=\"text-align: left;\" align=\"center\">Huzur biblo ah\u015fap imalat galerisi (Toptan Sat\u0131\u015f \u00dcr\u00fcnleri)<\/p>\n<p>[nggallery id=150]<\/p>\n<p class=\"style3\" style=\"text-align: left;\" align=\"center\">Galerideki \u00dcr\u00fcnler S\u0131ras\u0131yla:<\/p>\n<ul>\n<li id=\"o_1bcqltt2qodbjls1eiv1llf68229\" class=\"nggUploadItem\">4 l\u00fc baharatl\u0131k<\/li>\n<li id=\"o_1bcqltt2qssa12ib1te41gd11flh2a\" class=\"nggUploadItem\">4 l\u00fc Baharatl\u0131k beyaz<\/li>\n<li>Ah\u015fap 4 l\u00fc baharatl\u0131k (Kay\u0131n A\u011fac\u0131)<\/li>\n<li>A\u011fa\u00e7tan Anahtar Dolab\u0131<\/li>\n<li>A\u011fa\u00e7 Ask\u0131l\u0131 baharatl\u0131k<\/li>\n<li>A\u011fa\u00e7tan Ayet Besmele<\/li>\n<li>Ah\u015fap Ayetel Kursi<\/li>\n<li>A\u011fa\u00e7 Ayran Barda\u011f\u0131<\/li>\n<li>Ah\u015fap bal\u0131k K\u00fcrdanl\u0131k<\/li>\n<li>Ah\u015fap bal kavanozu<\/li>\n<li>Ah\u015fap bas\u0131k \u015fekerlik<\/li>\n<li>Ah\u015fap besmele<\/li>\n<li>Ah\u015fap biblo gitar<\/li>\n<li>Ah\u015fap biblo saz<\/li>\n<li>A\u011fa\u00e7 \u00e7erezlik<\/li>\n<li>Ah\u015fap d\u00fcmen resimlik<\/li>\n<li>Ah\u015fap ekmek sepeti<\/li>\n<li>Ah\u015fap eskitme tepsi<\/li>\n<li>Ah\u015fap Fincanl\u0131k<\/li>\n<li>A\u011fa\u00e7tan findik k\u0131raca\u011f\u0131<\/li>\n<li>A\u011fa\u00e7tan havan<\/li>\n<li>Ah\u015fap ibrik<\/li>\n<li>Ah\u015fap isimlik<\/li>\n<li>Ah\u015fap isimlik kiraz a\u011fac\u0131<\/li>\n<li>Ah\u015fap isimlik maun a\u011fac\u0131<\/li>\n<li>Ah\u015fap i\u015flemeli \u00e7erezlik<\/li>\n<li>Ah\u015fap i\u015flemeli k\u00fcll\u00fck<\/li>\n<li>Ah\u015fap i\u015flemeli tepsi<\/li>\n<li>Ah\u015fap kabuklu \u00e7erezlik<\/li>\n<li>Ah\u015fap kalemlik<\/li>\n<li>A\u011fa\u00e7tan kalp baharatlik<\/li>\n<li>Ah\u015fap kalp resimlik<\/li>\n<li>Ah\u015fap kayac\u0131k isimlik<\/li>\n<li>A\u011fa\u00e7 kiraz isimlik<\/li>\n<li>A\u011fa\u00e7tan k\u00fcll\u00fck<\/li>\n<li>Ah\u015fap k\u00fcp sekerlik<\/li>\n<li>Ah\u015fap k\u00fcrdanl\u0131k<\/li>\n<li>Ah\u015fap kuyu<\/li>\n<li>A\u011fa\u00e7tan maket gemi<\/li>\n<li>Ah\u015fap mantar k\u00fcrdanl\u0131k<\/li>\n<li>Ah\u015fap matruska<\/li>\n<li>Ah\u015fap maun \u00e7erezlik<\/li>\n<li>Ah\u015fap merdane<\/li>\n<li>Ah\u015fap pe\u00e7etelik<\/li>\n<li>Ah\u015fap \u015famdan<\/li>\n<li>Ah\u015fap sar\u0131msak havan\u0131<\/li>\n<li>Ah\u015fap \u015fekerlik<\/li>\n<li>Ah\u015fap semaver<\/li>\n<li>Ah\u015fap spatula \u00e7atal masa<\/li>\n<li>A\u011fa\u00e7tan tabak<\/li>\n<li>Ah\u015fap tuzluk<\/li>\n<li>Ah\u015fap yakma ayet<\/li>\n<li>A\u011fa\u00e7tan yumurtal\u0131k<\/li>\n<\/ul>\n<p>&nbsp;<\/p>\n<h2>Uysal Hediyelik<\/h2>\n<p>Uysal Hediyelik daha \u00e7ok lazer kesim , CNC ah\u015fap hediyelik \u00fcr\u00fcnleri \u00fczerine \u00e7al\u0131\u015fmaktad\u0131r.<\/p>\n<p><strong>\u0130leti\u015fim :<\/strong> <span class=\"hidden-xs hidden-sm hidden-md\">0 544 315 53 52<\/span><\/p>\n<p>Uysal Hediyelik taraf\u0131nda \u00fcretilen \u00fcr\u00fcnlerden baz\u0131lar\u0131:<\/p>\n<p>[nggallery id=148]<\/p>\n<p>&nbsp;<\/p>\n<h2>Vatanda\u015flar Biblo<\/h2>\n<p>Ali R\u0131za Vatanda\u015flar taraf\u0131ndan i\u015fletilmektedir.<\/p>\n<p>Foto\u011fraflar:<\/p>\n<p>[nggallery id=149]<\/p>\n<p><strong>Telefon:<\/strong> <span class=\"st\">0378 315 10 78<\/span><\/p>\n<p>&nbsp;<\/p>\n<h2>\u00d6nder At\u00f6lye<\/h2>\n<p>\u00d6nder hediyelik e\u015fya ve lazer kesim imalat<\/p>\n<p><strong>Telefon Numaras\u0131:<\/strong> 0 (507) 573 01 XX<\/p>\n<p><script async src=\"\/\/pagead2.googlesyndication.com\/pagead\/js\/adsbygoogle.js\"><\/script><br \/>\n<!-- Responsive --><br \/>\n<ins class=\"adsbygoogle\" style=\"display: block;\" data-ad-client=\"ca-pub-2457735895085285\" data-ad-slot=\"3358896256\" data-ad-format=\"auto\"><\/ins><br \/>\n<script>\n(adsbygoogle = window.adsbygoogle || []).push({});\n<\/script><\/p>\n<h3>Amasra&#8217;da yap\u0131lan \u00fcr\u00fcnlerden baz\u0131lar\u0131:<\/h3>\n<p>Ah\u015fap magnet, \u00e7ocuk odas\u0131 ah\u015fap hediyelik, ah\u015fap biblolar, a\u011fa \u00fczerine resim yakma, a\u011fa\u00e7 \u00fczerin yakarak foto\u011fraf bas\u0131m\u0131, a\u011fa\u00e7 tekne imalat\u0131, ah\u015fap isimlik, lazer ah\u015fap kesim anahtarl\u0131k, a\u011fa\u00e7 hediyelik ev, ah\u015fap kesim havan, lazer kesim anahtarl\u0131k, masa \u00fcst\u00fc isimlikleri, kalemler, pe\u00e7etelikler, \u00e7erezlikler, bal kavanozlar\u0131, \u015fim\u015fir ka\u015f\u0131klar, \u015fim\u015fir \u00e7atallar, \u015fim\u015fir k\u00fcl tablalar\u0131, safranbolu evleri, k\u0131l\u0131\u00e7lar v.s.<\/p>\n<p>Detayl\u0131 bilgileri telefonla alabilirsiniz.<\/p>\n<h3>Neden Amasra?<\/h3>\n<p>Bu b\u00f6lge ah\u015fap \u00fcr\u00fcn imal etmek i\u00e7in el veri\u015fli a\u011fa\u00e7lara sahip. \u00d6rne\u011fin \u015fim\u015fir a\u011fac\u0131 sa\u011flam yap\u0131s\u0131yla uzun y\u0131llar yemek ka\u011f\u0131\u015f\u0131 olarak kullanabilece\u011finiz az miktarda ya\u011f ve su emme gibi \u00f6zelliklere sahip bir \u00fcr\u00fcn.<\/p>\n<p>Ayr\u0131c\u0131 Amasra uzun y\u0131llar teknelerin u\u011frak yeri olmu\u015ftur. Teknelerin ihtiyac\u0131 olan yap\u0131 malzemeleri de \u00e7ekiciler \u00e7ar\u015f\u0131s\u0131nda \u00fcretilmi\u015f. Zamanla tekne imalat\u0131 hediyelik e\u015fya imalat\u0131na ve ticaretine d\u00f6n\u00fc\u015fm\u00fc\u015f. Her y\u0131l bir \u00e7ok insan \u00e7ekiciler \u015far\u015f\u0131s\u0131nda ah\u015fap hediyelik e\u015fyalar sat\u0131n al\u0131yor. Ah\u015fap \u015fekerliklerden, ah\u015fap taraklara kadar her\u015fey bu d\u00fckkanlarda mevcut.<\/p>\n<p>&nbsp;<\/p>\n","protected":false},"excerpt":{"rendered":"<p>Amasra Ah\u015fap \u0130malat\u0131 Yapan Firmalar Amasra toptan sat\u0131\u015f konusunda a\u011fa\u00e7 i\u015f\u00e7ili\u011fi aras\u0131nda ilk s\u0131rada yer almaktad\u0131r. Amasra&#8217;da ah\u015fap hediyelik e\u015fya \u00fcretimi yapan birka\u00e7 firma mevcuttur. Bu firmalar \u00fcr\u00fcnleri toptan ve perakende olarak satmaktad\u0131rlar. \u0130malat hakk\u0131nda, \u00fcr\u00fcn \u00e7e\u015fitleri ve fiyatlar\u0131 hakk\u0131nda bilgiyi telefon ile alabilirsiniz. \u0130leti\u015fim bilgilerine a\u015fa\u011f\u0131dan ula\u015fabilirsiniz: &nbsp; Amastris Biblo Kurucusu rahmetli Necmi D\u00f6nmez [&hellip;]<\/p>\n","protected":false},"author":1,"featured_media":0,"parent":0,"menu_order":0,"comment_status":"closed","ping_status":"closed","template":"","meta":{"footnotes":""},"class_list":["post-12437","page","type-page","status-publish","hentry"],"_hostinger_reach_plugin_has_subscription_block":false,"_hostinger_reach_plugin_is_elementor":false,"_links":{"self":[{"href":"https:\/\/amasra.com.tr\/ar\/wp-json\/wp\/v2\/pages\/12437","targetHints":{"allow":["GET"]}}],"collection":[{"href":"https:\/\/amasra.com.tr\/ar\/wp-json\/wp\/v2\/pages"}],"about":[{"href":"https:\/\/amasra.com.tr\/ar\/wp-json\/wp\/v2\/types\/page"}],"author":[{"embeddable":true,"href":"https:\/\/amasra.com.tr\/ar\/wp-json\/wp\/v2\/users\/1"}],"replies":[{"embeddable":true,"href":"https:\/\/amasra.com.tr\/ar\/wp-json\/wp\/v2\/comments?post=12437"}],"version-history":[{"count":0,"href":"https:\/\/amasra.com.tr\/ar\/wp-json\/wp\/v2\/pages\/12437\/revisions"}],"wp:attachment":[{"href":"https:\/\/amasra.com.tr\/ar\/wp-json\/wp\/v2\/media?parent=12437"}],"curies":[{"name":"wp","href":"https:\/\/api.w.org\/{rel}","templated":true}]}}