{"id":793,"date":"2013-01-19T00:11:13","date_gmt":"2013-01-18T22:11:13","guid":{"rendered":"http:\/\/tunru.com\/2\/?page_id=793"},"modified":"2013-05-28T21:45:05","modified_gmt":"2013-05-28T18:45:05","slug":"amasra-360-panorama-sanal-turu","status":"publish","type":"page","link":"https:\/\/amasra.com.tr\/ar\/amasra-360-panorama-sanal-turu\/","title":{"rendered":"Amasra 360 Panorama Sanal Turu"},"content":{"rendered":"<p><object id=\"_taco360_krpano_74000\" width=\"555\" height=\"315\" classid=\"clsid:d27cdb6e-ae6d-11cf-96b8-444553540000\" codebase=\"http:\/\/download.macromedia.com\/pub\/shockwave\/cabs\/flash\/swflash.cab#version=6,0,40,0\" name=\"_taco360_krpano_name\"><param name=\"quality\" value=\"autohigh\" \/><param name=\"allowScriptAccess\" value=\"always\" \/><param name=\"flashvars\" value=\"pano=http:\/\/s3-eu-west-1.amazonaws.com\/taco360\/gocgun-amasra\/krpano.xml\" \/><param name=\"allowFullScreen\" value=\"true\" \/><param name=\"src\" value=\"http:\/\/www.taco360.com\/krpano\/krpano.swf\" \/><param name=\"pluginspage\" value=\"http:\/\/www.macromedia.com\/go\/getflashplayer\" \/><param name=\"allowfullscreen\" value=\"true\" \/><param name=\"allowscriptaccess\" value=\"always\" \/><embed id=\"_taco360_krpano_74000\" width=\"555\" height=\"315\" type=\"application\/x-shockwave-flash\" src=\"http:\/\/www.taco360.com\/krpano\/krpano.swf\" quality=\"autohigh\" allowscriptaccess=\"always\" flashvars=\"pano=http:\/\/s3-eu-west-1.amazonaws.com\/taco360\/gocgun-amasra\/krpano.xml\" allowfullscreen=\"true\" pluginspage=\"http:\/\/www.macromedia.com\/go\/getflashplayer\" name=\"_taco360_krpano_name\" \/><\/object><\/p>\n<div style=\"float: left;\">G\u00f6\u00e7g\u00fcn Amasra 360 Virtual Tour Panorama<\/div>\n<div style=\"float: left;\"><\/div>\n<div style=\"float: left;\"><\/div>\n<div style=\"float: left;\"><\/div>\n<p>&nbsp;<\/p>\n<p><object id=\"_taco360_krpano_74000\" width=\"555\" height=\"315\" classid=\"clsid:d27cdb6e-ae6d-11cf-96b8-444553540000\" codebase=\"http:\/\/download.macromedia.com\/pub\/shockwave\/cabs\/flash\/swflash.cab#version=6,0,40,0\" name=\"_taco360_krpano_name\"><param name=\"quality\" value=\"autohigh\" \/><param name=\"allowScriptAccess\" value=\"always\" \/><param name=\"flashvars\" value=\"pano=http:\/\/s3-eu-west-1.amazonaws.com\/taco360\/cakraz-plaji-2\/krpano.xml\" \/><param name=\"allowFullScreen\" value=\"true\" \/><param name=\"src\" value=\"http:\/\/www.taco360.com\/krpano\/krpano.swf\" \/><param name=\"pluginspage\" value=\"http:\/\/www.macromedia.com\/go\/getflashplayer\" \/><param name=\"allowfullscreen\" value=\"true\" \/><param name=\"allowscriptaccess\" value=\"always\" \/><embed id=\"_taco360_krpano_74000\" width=\"555\" height=\"315\" type=\"application\/x-shockwave-flash\" src=\"http:\/\/www.taco360.com\/krpano\/krpano.swf\" quality=\"autohigh\" allowscriptaccess=\"always\" flashvars=\"pano=http:\/\/s3-eu-west-1.amazonaws.com\/taco360\/cakraz-plaji-2\/krpano.xml\" allowfullscreen=\"true\" pluginspage=\"http:\/\/www.macromedia.com\/go\/getflashplayer\" name=\"_taco360_krpano_name\" \/><\/object><\/p>\n<div style=\"float: left;\"><iframe loading=\"lazy\" style=\"border: none; overflow: hidden; width: 100px; height: 21px;\" src=\"http:\/\/www.facebook.com\/plugins\/like.php?app_id=224713740874397&amp;href=http:\/\/www.taco360.com\/panorama\/cakraz-plaji-2\/&amp;send=false&amp;layout=button_count&amp;width=100&amp;show_faces=false&amp;action=like&amp;colorscheme=light&amp;font&amp;height=21\" height=\"240\" width=\"320\" frameborder=\"0\" scrolling=\"no\"><\/iframe><\/div>\n<div style=\"float: left;\">\u0628\u0627\u0646\u0648\u0631\u0627\u0645\u0627 \u062c\u0648\u0644\u0629 \u0627\u0641\u062a\u0631\u0627\u0636\u064a\u0629 \u0644\u0634\u0627\u0637\u0626 \u062a\u0634\u0627\u0643\u0631\u0627\u0632 360<\/div>\n<p>&nbsp;<\/p>\n<p><object id=\"_taco360_krpano_74000\" width=\"555\" height=\"315\" classid=\"clsid:d27cdb6e-ae6d-11cf-96b8-444553540000\" codebase=\"http:\/\/download.macromedia.com\/pub\/shockwave\/cabs\/flash\/swflash.cab#version=6,0,40,0\" name=\"_taco360_krpano_name\"><param name=\"quality\" value=\"autohigh\" \/><param name=\"allowScriptAccess\" value=\"always\" \/><param name=\"flashvars\" value=\"pano=http:\/\/s3-eu-west-1.amazonaws.com\/taco360\/kuskayasi-yol-aniti\/krpano.xml\" \/><param name=\"allowFullScreen\" value=\"true\" \/><param name=\"src\" value=\"http:\/\/www.taco360.com\/krpano\/krpano.swf\" \/><param name=\"pluginspage\" value=\"http:\/\/www.macromedia.com\/go\/getflashplayer\" \/><param name=\"allowfullscreen\" value=\"true\" \/><param name=\"allowscriptaccess\" value=\"always\" \/><embed id=\"_taco360_krpano_74000\" width=\"555\" height=\"315\" type=\"application\/x-shockwave-flash\" src=\"http:\/\/www.taco360.com\/krpano\/krpano.swf\" quality=\"autohigh\" allowscriptaccess=\"always\" flashvars=\"pano=http:\/\/s3-eu-west-1.amazonaws.com\/taco360\/kuskayasi-yol-aniti\/krpano.xml\" allowfullscreen=\"true\" pluginspage=\"http:\/\/www.macromedia.com\/go\/getflashplayer\" name=\"_taco360_krpano_name\" \/><\/object><\/p>\n<div style=\"float: left;\"><iframe loading=\"lazy\" style=\"border: none; overflow: hidden; width: 100px; height: 21px;\" src=\"http:\/\/www.facebook.com\/plugins\/like.php?app_id=224713740874397&amp;href=http:\/\/www.taco360.com\/panorama\/kuskayasi-yol-aniti\/&amp;send=false&amp;layout=button_count&amp;width=100&amp;show_faces=false&amp;action=like&amp;colorscheme=light&amp;font&amp;height=21\" height=\"240\" width=\"320\" frameborder=\"0\" scrolling=\"no\"><\/iframe><\/div>\n<div style=\"float: left;\">Ku\u015fkayas\u0131 Yol An\u0131t\u0131 360 Virtual Tour Panorama<\/div>\n<p>&nbsp;<\/p>","protected":false},"excerpt":{"rendered":"<p>G\u00f6\u00e7g\u00fcn Amasra 360 Virtual Tour Panorama &nbsp; \u00c7akraz Plaj\u0131 360 Virtual Tour Panorama &nbsp; Ku\u015fkayas\u0131 Yol An\u0131t\u0131 360 Virtual Tour Panorama &nbsp;<\/p>","protected":false},"author":1,"featured_media":0,"parent":0,"menu_order":0,"comment_status":"open","ping_status":"open","template":"","meta":{"footnotes":""},"class_list":["post-793","page","type-page","status-publish","hentry"],"_hostinger_reach_plugin_has_subscription_block":false,"_hostinger_reach_plugin_is_elementor":false,"_links":{"self":[{"href":"https:\/\/amasra.com.tr\/ar\/wp-json\/wp\/v2\/pages\/793","targetHints":{"allow":["GET"]}}],"collection":[{"href":"https:\/\/amasra.com.tr\/ar\/wp-json\/wp\/v2\/pages"}],"about":[{"href":"https:\/\/amasra.com.tr\/ar\/wp-json\/wp\/v2\/types\/page"}],"author":[{"embeddable":true,"href":"https:\/\/amasra.com.tr\/ar\/wp-json\/wp\/v2\/users\/1"}],"replies":[{"embeddable":true,"href":"https:\/\/amasra.com.tr\/ar\/wp-json\/wp\/v2\/comments?post=793"}],"version-history":[{"count":0,"href":"https:\/\/amasra.com.tr\/ar\/wp-json\/wp\/v2\/pages\/793\/revisions"}],"wp:attachment":[{"href":"https:\/\/amasra.com.tr\/ar\/wp-json\/wp\/v2\/media?parent=793"}],"curies":[{"name":"wp","href":"https:\/\/api.w.org\/{rel}","templated":true}]}}