{"id":15052,"date":"2024-09-09T19:15:43","date_gmt":"2024-09-09T16:15:43","guid":{"rendered":"http:\/\/amasra.com.tr\/?page_id=15052"},"modified":"2025-02-21T00:23:07","modified_gmt":"2025-02-20T21:23:07","slug":"amasra-genel","status":"publish","type":"page","link":"https:\/\/amasra.com.tr\/de\/amasra-genel\/","title":{"rendered":"Amasra \u2013 Ihr Reise- und Werbef\u00fchrer \u2013 Amasra.com.tr"},"content":{"rendered":"<div id=\"tdi_1\" class=\"tdc-zone\"><div class=\"tdc_zone tdi_2\"  >\n<style scoped>\n\/* custom css - generated by TagDiv Composer *\/\n\n\/* custom css - generated by TagDiv Composer *\/\n.tdi_2{\r\n                    min-height: 0;\r\n                }\n<\/style><div id=\"tdi_3\" class=\"tdc-row\"><div class=\"vc_row tdi_4  wpb_row td-pb-row\" >\n<style scoped>\n\/* custom css - generated by TagDiv Composer *\/\n\n\/* custom css - generated by TagDiv Composer *\/\n.tdi_4,\r\n                .tdi_4 .tdc-columns{\r\n                    min-height: 0;\r\n                }\n<\/style><div class=\"vc_column tdi_6  wpb_column vc_column_container tdc-column td-pb-span12\">\n<style scoped>\n\/* custom css - generated by TagDiv Composer *\/\n\n\/* custom css - generated by TagDiv Composer *\/\n.tdi_6{\r\n                    vertical-align: baseline;\r\n                }\n<\/style><div class=\"wpb_wrapper\" ><div class=\"td_block_wrap td_block_1 tdi_7 td-pb-border-top td_block_template_1\"  data-td-block-uid=\"tdi_7\" >\n<style>\n\/* custom css - generated by TagDiv Composer *\/\n.tdi_7 .td-post-vid-time{\r\n\t\t\t\t\tdisplay: block;\r\n\t\t\t\t}\n<\/style><script>var block_tdi_7 = new tdBlock();\nblock_tdi_7.id = \"tdi_7\";\nblock_tdi_7.atts = '{\"block_type\":\"td_block_1\",\"separator\":\"\",\"custom_title\":\"\",\"custom_url\":\"\",\"title_tag\":\"\",\"block_template_id\":\"\",\"border_top\":\"\",\"color_preset\":\"\",\"m4_tl\":\"\",\"m4_title_tag\":\"\",\"m4_el\":\"\",\"m6_tl\":\"\",\"m6_title_tag\":\"\",\"post_ids\":\"\",\"category_id\":\"\",\"category_ids\":\"\",\"tag_slug\":\"\",\"autors_id\":\"\",\"installed_post_types\":\"\",\"sort\":\"\",\"limit\":\"5\",\"offset\":\"\",\"open_in_new_window\":\"\",\"show_modified_date\":\"\",\"video_popup\":\"\",\"video_rec\":\"\",\"video_rec_title\":\"\",\"show_vid_t\":\"block\",\"el_class\":\"\",\"td_ajax_filter_type\":\"\",\"td_ajax_filter_ids\":\"\",\"td_filter_default_txt\":\"All\",\"td_ajax_preloading\":\"\",\"f_header_font_header\":\"\",\"f_header_font_title\":\"Block header\",\"f_header_font_settings\":\"\",\"f_header_font_family\":\"\",\"f_header_font_size\":\"\",\"f_header_font_line_height\":\"\",\"f_header_font_style\":\"\",\"f_header_font_weight\":\"\",\"f_header_font_transform\":\"\",\"f_header_font_spacing\":\"\",\"f_header_\":\"\",\"f_ajax_font_title\":\"Ajax categories\",\"f_ajax_font_settings\":\"\",\"f_ajax_font_family\":\"\",\"f_ajax_font_size\":\"\",\"f_ajax_font_line_height\":\"\",\"f_ajax_font_style\":\"\",\"f_ajax_font_weight\":\"\",\"f_ajax_font_transform\":\"\",\"f_ajax_font_spacing\":\"\",\"f_ajax_\":\"\",\"f_more_font_title\":\"Load more button\",\"f_more_font_settings\":\"\",\"f_more_font_family\":\"\",\"f_more_font_size\":\"\",\"f_more_font_line_height\":\"\",\"f_more_font_style\":\"\",\"f_more_font_weight\":\"\",\"f_more_font_transform\":\"\",\"f_more_font_spacing\":\"\",\"f_more_\":\"\",\"m4f_title_font_header\":\"\",\"m4f_title_font_title\":\"Article title\",\"m4f_title_font_settings\":\"\",\"m4f_title_font_family\":\"\",\"m4f_title_font_size\":\"\",\"m4f_title_font_line_height\":\"\",\"m4f_title_font_style\":\"\",\"m4f_title_font_weight\":\"\",\"m4f_title_font_transform\":\"\",\"m4f_title_font_spacing\":\"\",\"m4f_title_\":\"\",\"m4f_cat_font_title\":\"Article category tag\",\"m4f_cat_font_settings\":\"\",\"m4f_cat_font_family\":\"\",\"m4f_cat_font_size\":\"\",\"m4f_cat_font_line_height\":\"\",\"m4f_cat_font_style\":\"\",\"m4f_cat_font_weight\":\"\",\"m4f_cat_font_transform\":\"\",\"m4f_cat_font_spacing\":\"\",\"m4f_cat_\":\"\",\"m4f_meta_font_title\":\"Article meta info\",\"m4f_meta_font_settings\":\"\",\"m4f_meta_font_family\":\"\",\"m4f_meta_font_size\":\"\",\"m4f_meta_font_line_height\":\"\",\"m4f_meta_font_style\":\"\",\"m4f_meta_font_weight\":\"\",\"m4f_meta_font_transform\":\"\",\"m4f_meta_font_spacing\":\"\",\"m4f_meta_\":\"\",\"m4f_ex_font_title\":\"Article excerpt\",\"m4f_ex_font_settings\":\"\",\"m4f_ex_font_family\":\"\",\"m4f_ex_font_size\":\"\",\"m4f_ex_font_line_height\":\"\",\"m4f_ex_font_style\":\"\",\"m4f_ex_font_weight\":\"\",\"m4f_ex_font_transform\":\"\",\"m4f_ex_font_spacing\":\"\",\"m4f_ex_\":\"\",\"m6f_title_font_header\":\"\",\"m6f_title_font_title\":\"Article title\",\"m6f_title_font_settings\":\"\",\"m6f_title_font_family\":\"\",\"m6f_title_font_size\":\"\",\"m6f_title_font_line_height\":\"\",\"m6f_title_font_style\":\"\",\"m6f_title_font_weight\":\"\",\"m6f_title_font_transform\":\"\",\"m6f_title_font_spacing\":\"\",\"m6f_title_\":\"\",\"m6f_cat_font_title\":\"Article category tag\",\"m6f_cat_font_settings\":\"\",\"m6f_cat_font_family\":\"\",\"m6f_cat_font_size\":\"\",\"m6f_cat_font_line_height\":\"\",\"m6f_cat_font_style\":\"\",\"m6f_cat_font_weight\":\"\",\"m6f_cat_font_transform\":\"\",\"m6f_cat_font_spacing\":\"\",\"m6f_cat_\":\"\",\"m6f_meta_font_title\":\"Article meta info\",\"m6f_meta_font_settings\":\"\",\"m6f_meta_font_family\":\"\",\"m6f_meta_font_size\":\"\",\"m6f_meta_font_line_height\":\"\",\"m6f_meta_font_style\":\"\",\"m6f_meta_font_weight\":\"\",\"m6f_meta_font_transform\":\"\",\"m6f_meta_font_spacing\":\"\",\"m6f_meta_\":\"\",\"ajax_pagination\":\"\",\"ajax_pagination_infinite_stop\":\"\",\"css\":\"\",\"tdc_css\":\"\",\"td_column_number\":3,\"header_color\":\"\",\"ajax_pagination_next_prev_swipe\":\"\",\"class\":\"tdi_7\",\"tdc_css_class\":\"tdi_7\",\"tdc_css_class_style\":\"tdi_7_rand_style\"}';\nblock_tdi_7.td_column_number = \"3\";\nblock_tdi_7.block_type = \"td_block_1\";\nblock_tdi_7.post_count = \"5\";\nblock_tdi_7.found_posts = \"478\";\nblock_tdi_7.header_color = \"\";\nblock_tdi_7.ajax_pagination_infinite_stop = \"\";\nblock_tdi_7.max_num_pages = \"96\";\ntdBlocksArray.push(block_tdi_7);\n<\/script><div id=\"tdi_7\" class=\"td_block_inner\">\n\n\t<div class=\"td-block-row\">\n\n\t<div class=\"td-block-span4\">\n\r\n        <div class=\"td_module_4 td_module_wrap td-animation-stack td-cpt-post\">\r\n            <div class=\"td-module-image\">\r\n                <div class=\"td-module-thumb\"><a href=\"https:\/\/amasra.com.tr\/de\/ada-apart-kumsal\/\"  rel=\"bookmark\" class=\"td-image-wrap\" title=\"Ada Apart (Strand)\" ><img loading=\"lazy\" decoding=\"async\" class=\"entry-thumb\" src=\"\" alt=\"amasra-beach-apart-pasiyon-ada-apart21\" title=\"Ada Apart (Strand)\" data-type=\"image_tag\" data-img-url=\"https:\/\/amasra.com.tr\/wp-content\/uploads\/2020\/06\/amasra-kumsal-apart-pasiyon-ada-apart21.jpg\"  width=\"291\" height=\"194\" \/><\/a><\/div>                                            <\/div>\r\n\r\n            <h3 class=\"entry-title td-module-title\"><a href=\"https:\/\/amasra.com.tr\/de\/ada-apart-kumsal\/\"  rel=\"bookmark\" title=\"Ada Apart (Strand)\">Ada Apart (Strand)<\/a><\/h3>\r\n            <div class=\"meta-info\">\r\n                                                <span class=\"entry-review-stars\"><i class=\"td-icon-star\"><\/i><i class=\"td-icon-star\"><\/i><i class=\"td-icon-star\"><\/i><i class=\"td-icon-star\"><\/i><i class=\"td-icon-star\"><\/i><\/span>                <span class=\"td-module-comments\"><a href=\"https:\/\/amasra.com.tr\/de\/ada-apart-kumsal\/#comments\">3<\/a><\/span>            <\/div>\r\n\r\n            <div class=\"td-excerpt\">\r\n                Das direkt am Strand B\u00fcy\u00fck Liman gelegene Ada Apart (Kumsal) ist eine ideale Option f\u00fcr Besucher, die im Komfort ihres eigenen Zuhauses mit Meer- und Hafenblick wohnen m\u00f6chten. Telefon:...            <\/div>\r\n\r\n            \r\n        <\/div>\r\n\r\n        \n\t<\/div> <!-- .\/td-block-span4 -->\n\n\t<div class=\"td-block-span4\">\n\r\n        <div class=\"td_module_6 td_module_wrap td-animation-stack td-cpt-post\">\r\n            \r\n            <div class=\"td-module-thumb\"><a href=\"https:\/\/amasra.com.tr\/de\/amasra-kemere-koprusu-yapisal-analiz-malzemeler-ve-restorasyon-calismalari\/\"  rel=\"bookmark\" class=\"td-image-wrap\" title=\"Amasra-Kemere-Br\u00fccke: Strukturanalyse, Materialien und Restaurierungsarbeiten\" ><img loading=\"lazy\" decoding=\"async\" class=\"entry-thumb\" src=\"\" alt=\"\" title=\"Amasra-Kemere-Br\u00fccke: Strukturanalyse, Materialien und Restaurierungsarbeiten\" data-type=\"image_tag\" data-img-url=\"https:\/\/amasra.com.tr\/wp-content\/uploads\/2016\/02\/amasra-havadan-genel-fotograflar-25.jpg\"  width=\"100\" height=\"54\" \/><\/a><\/div>\r\n        <div class=\"item-details\">\r\n\r\n            <h3 class=\"entry-title td-module-title\"><a href=\"https:\/\/amasra.com.tr\/de\/amasra-kemere-koprusu-yapisal-analiz-malzemeler-ve-restorasyon-calismalari\/\"  rel=\"bookmark\" title=\"Amasra-Kemere-Br\u00fccke: Strukturanalyse, Materialien und Restaurierungsarbeiten\">Amasra-Kemere-Br\u00fccke: Strukturanalyse, Materialien und Restaurierungsarbeiten<\/a><\/h3>            <div class=\"meta-info\">\r\n                                                                <span class=\"td-post-date\"><time class=\"entry-date updated td-module-date\" datetime=\"2026-03-04T23:13:42+03:00\" >04 March 2026<\/time><\/span>                            <\/div>\r\n        <\/div>\r\n\r\n        <\/div>\r\n\r\n        \r\n        <div class=\"td_module_6 td_module_wrap td-animation-stack td-cpt-post\">\r\n            \r\n            <div class=\"td-module-thumb\"><a href=\"https:\/\/amasra.com.tr\/de\/amasra-fotograflari\/\"  rel=\"bookmark\" class=\"td-image-wrap\" title=\"Amasra Fotograflar\u0131\" ><img loading=\"lazy\" decoding=\"async\" class=\"entry-thumb\" src=\"\"alt=\"\" data-type=\"image_tag\" data-img-url=\"https:\/\/amasra.com.tr\/wp-content\/plugins\/td-composer\/legacy\/Newsmag\/assets\/images\/no-thumb\/td_100x75.png\"  width=\"100\" height=\"75\" \/><\/a><\/div>\r\n        <div class=\"item-details\">\r\n\r\n            <h3 class=\"entry-title td-module-title\"><a href=\"https:\/\/amasra.com.tr\/de\/amasra-fotograflari\/\"  rel=\"bookmark\" title=\"Amasra Fotograflar\u0131\">Amasra Fotograflar\u0131<\/a><\/h3>            <div class=\"meta-info\">\r\n                                                                <span class=\"td-post-date\"><time class=\"entry-date updated td-module-date\" datetime=\"2025-12-12T17:24:53+03:00\" >12 December 2025<\/time><\/span>                            <\/div>\r\n        <\/div>\r\n\r\n        <\/div>\r\n\r\n        \r\n        <div class=\"td_module_6 td_module_wrap td-animation-stack td-cpt-post\">\r\n            \r\n            <div class=\"td-module-thumb\"><a href=\"https:\/\/amasra.com.tr\/de\/amasra-ve-cevresinde-kis-kesfi-tarih-gastronomi-ve-karadeniz-dogasi-arasinda-bir-seyahat-rehberi\/\"  rel=\"bookmark\" class=\"td-image-wrap\" title=\"Amasra ve \u00c7evresinde K\u0131\u015f Ke\u015ffi: Tarih, Gastronomi ve Karadeniz Do\u011fas\u0131 Aras\u0131nda Bir Seyahat Rehberi\" ><img loading=\"lazy\" decoding=\"async\" class=\"entry-thumb\" src=\"\" alt=\"\" title=\"Amasra ve \u00c7evresinde K\u0131\u015f Ke\u015ffi: Tarih, Gastronomi ve Karadeniz Do\u011fas\u0131 Aras\u0131nda Bir Seyahat Rehberi\" data-type=\"image_tag\" data-img-url=\"https:\/\/amasra.com.tr\/wp-content\/uploads\/2016\/01\/amasra-kar-fotograflari-kemal-onur-ozman-29.jpg\"  width=\"100\" height=\"55\" \/><\/a><\/div>\r\n        <div class=\"item-details\">\r\n\r\n            <h3 class=\"entry-title td-module-title\"><a href=\"https:\/\/amasra.com.tr\/de\/amasra-ve-cevresinde-kis-kesfi-tarih-gastronomi-ve-karadeniz-dogasi-arasinda-bir-seyahat-rehberi\/\"  rel=\"bookmark\" title=\"Amasra ve \u00c7evresinde K\u0131\u015f Ke\u015ffi: Tarih, Gastronomi ve Karadeniz Do\u011fas\u0131 Aras\u0131nda Bir Seyahat Rehberi\">Amasra ve \u00c7evresinde K\u0131\u015f Ke\u015ffi: Tarih, Gastronomi ve Karadeniz Do\u011fas\u0131 Aras\u0131nda...<\/a><\/h3>            <div class=\"meta-info\">\r\n                                                                <span class=\"td-post-date\"><time class=\"entry-date updated td-module-date\" datetime=\"2025-11-17T23:29:01+03:00\" >17 November 2025<\/time><\/span>                            <\/div>\r\n        <\/div>\r\n\r\n        <\/div>\r\n\r\n        \r\n        <div class=\"td_module_6 td_module_wrap td-animation-stack td-cpt-post\">\r\n            \r\n            <div class=\"td-module-thumb\"><a href=\"https:\/\/amasra.com.tr\/de\/amasranin-eski-ismi-nedir\/\"  rel=\"bookmark\" class=\"td-image-wrap\" title=\"Amasra&#8217;n\u0131n eski ismi nedir?\" ><img loading=\"lazy\" decoding=\"async\" class=\"entry-thumb\" src=\"\"alt=\"\" data-type=\"image_tag\" data-img-url=\"https:\/\/amasra.com.tr\/wp-content\/plugins\/td-composer\/legacy\/Newsmag\/assets\/images\/no-thumb\/td_100x75.png\"  width=\"100\" height=\"75\" \/><\/a><\/div>\r\n        <div class=\"item-details\">\r\n\r\n            <h3 class=\"entry-title td-module-title\"><a href=\"https:\/\/amasra.com.tr\/de\/amasranin-eski-ismi-nedir\/\"  rel=\"bookmark\" title=\"Amasra&#8217;n\u0131n eski ismi nedir?\">Amasra&#8217;n\u0131n eski ismi nedir?<\/a><\/h3>            <div class=\"meta-info\">\r\n                                                                <span class=\"td-post-date\"><time class=\"entry-date updated td-module-date\" datetime=\"2025-11-12T12:27:56+03:00\" >12 November 2025<\/time><\/span>                            <\/div>\r\n        <\/div>\r\n\r\n        <\/div>\r\n\r\n        \n\t<\/div> <!-- .\/td-block-span4 --><\/div><!--.\/row-fluid--><\/div><\/div> <!-- .\/block --><\/div><\/div><\/div><\/div><\/div><\/div>","protected":false},"excerpt":{"rendered":"","protected":false},"author":1,"featured_media":16546,"parent":0,"menu_order":0,"comment_status":"closed","ping_status":"closed","template":"","meta":{"footnotes":""},"class_list":["post-15052","page","type-page","status-publish","has-post-thumbnail","hentry"],"_hostinger_reach_plugin_has_subscription_block":false,"_hostinger_reach_plugin_is_elementor":false,"_links":{"self":[{"href":"https:\/\/amasra.com.tr\/de\/wp-json\/wp\/v2\/pages\/15052","targetHints":{"allow":["GET"]}}],"collection":[{"href":"https:\/\/amasra.com.tr\/de\/wp-json\/wp\/v2\/pages"}],"about":[{"href":"https:\/\/amasra.com.tr\/de\/wp-json\/wp\/v2\/types\/page"}],"author":[{"embeddable":true,"href":"https:\/\/amasra.com.tr\/de\/wp-json\/wp\/v2\/users\/1"}],"replies":[{"embeddable":true,"href":"https:\/\/amasra.com.tr\/de\/wp-json\/wp\/v2\/comments?post=15052"}],"version-history":[{"count":0,"href":"https:\/\/amasra.com.tr\/de\/wp-json\/wp\/v2\/pages\/15052\/revisions"}],"wp:featuredmedia":[{"embeddable":true,"href":"https:\/\/amasra.com.tr\/de\/wp-json\/wp\/v2\/media\/16546"}],"wp:attachment":[{"href":"https:\/\/amasra.com.tr\/de\/wp-json\/wp\/v2\/media?parent=15052"}],"curies":[{"name":"wp","href":"https:\/\/api.w.org\/{rel}","templated":true}]}}