{"id":4653,"date":"2014-02-20T11:40:18","date_gmt":"2014-02-20T09:40:18","guid":{"rendered":"http:\/\/amasra.com.tr\/?page_id=4653"},"modified":"2020-02-26T18:37:49","modified_gmt":"2020-02-26T15:37:49","slug":"fotos-von-cakraz","status":"publish","type":"page","link":"https:\/\/amasra.com.tr\/de\/cakraz-fotograflari\/","title":{"rendered":"Chakren-Fotos"},"content":{"rendered":"<p>Amasra \u00c7akraz Tatil K\u00f6y\u00fc Foto\u011fraflar\u0131 (2014)<\/p>\n<p>[nggallery id=13]<\/p>\n<p>(Foto\u011fraflar\u0131 t\u00fcm kullan\u0131m haklar\u0131 sakl\u0131d\u0131r.)<\/p>\n<p><iframe loading=\"lazy\" style=\"border: none;\" src=\"https:\/\/poly.google.com\/view\/eK1egaN1yP7\/embed?chrome=min\" width=\"100%\" height=\"480px\" frameborder=\"0\" allowfullscreen=\"allowfullscreen\"><span style=\"display: inline-block; width: 0px; overflow: hidden; line-height: 0;\" data-mce-type=\"bookmark\" class=\"mce_SELRES_start\"><span style=\"display: inline-block; width: 0px; overflow: hidden; line-height: 0;\" data-mce-type=\"bookmark\" class=\"mce_SELRES_start\">\ufeff<\/span><span style=\"display: inline-block; width: 0px; overflow: hidden; line-height: 0;\" data-mce-type=\"bookmark\" class=\"mce_SELRES_start\"><span style=\"display: inline-block; width: 0px; overflow: hidden; line-height: 0;\" data-mce-type=\"bookmark\" class=\"mce_SELRES_start\">\ufeff<\/span>\ufeff<\/span>\ufeff<\/span><\/iframe><\/p>\n","protected":false},"excerpt":{"rendered":"<p>Amasra \u00c7akraz Tatil K\u00f6y\u00fc Foto\u011fraflar\u0131 (2014) [nggallery id=13] (Foto\u011fraflar\u0131 t\u00fcm kullan\u0131m haklar\u0131 sakl\u0131d\u0131r.) \ufeff\ufeff\ufeff\ufeff<\/p>\n","protected":false},"author":1,"featured_media":0,"parent":0,"menu_order":0,"comment_status":"open","ping_status":"open","template":"","meta":{"footnotes":""},"class_list":["post-4653","page","type-page","status-publish","hentry"],"_hostinger_reach_plugin_has_subscription_block":false,"_hostinger_reach_plugin_is_elementor":false,"_links":{"self":[{"href":"https:\/\/amasra.com.tr\/de\/wp-json\/wp\/v2\/pages\/4653","targetHints":{"allow":["GET"]}}],"collection":[{"href":"https:\/\/amasra.com.tr\/de\/wp-json\/wp\/v2\/pages"}],"about":[{"href":"https:\/\/amasra.com.tr\/de\/wp-json\/wp\/v2\/types\/page"}],"author":[{"embeddable":true,"href":"https:\/\/amasra.com.tr\/de\/wp-json\/wp\/v2\/users\/1"}],"replies":[{"embeddable":true,"href":"https:\/\/amasra.com.tr\/de\/wp-json\/wp\/v2\/comments?post=4653"}],"version-history":[{"count":0,"href":"https:\/\/amasra.com.tr\/de\/wp-json\/wp\/v2\/pages\/4653\/revisions"}],"wp:attachment":[{"href":"https:\/\/amasra.com.tr\/de\/wp-json\/wp\/v2\/media?parent=4653"}],"curies":[{"name":"wp","href":"https:\/\/api.w.org\/{rel}","templated":true}]}}