{"id":2903,"date":"2022-05-19T12:21:01","date_gmt":"2022-05-19T09:21:01","guid":{"rendered":"http:\/\/amasra.com.tr\/?page_id=2903"},"modified":"2025-10-06T13:46:24","modified_gmt":"2025-10-06T10:46:24","slug":"amasra-com-tr-ye-reklam-verin","status":"publish","type":"page","link":"https:\/\/amasra.com.tr\/en\/amasra-com-tr-ye-reklam-verin\/","title":{"rendered":"Amasra.com.tr \u0130leti\u015fim"},"content":{"rendered":"<p>Hizmet verdi\u011fimiz pazarlarda en iyi m\u00fc\u015fteri deneyimi sunma konusunda Bat\u0131 Karadeniz B\u00f6lgesi&#8217;nin en ba\u015far\u0131l\u0131 internet adresi.<\/p>\n<p>Otel, pansiyon, apart daire ve restoran ilanlar\u0131n\u0131z i\u00e7in<b>\u00a0a\u015fa\u011f\u0131daki ileti\u015fim b\u00f6l\u00fcm\u00fcm\u00fcz\u00fc kullanabilirsiniz.<\/b><\/p>\n<div class=\"wpforms-container wpforms-container-full\" id=\"wpforms-15914\"><form id=\"wpforms-form-15914\" class=\"wpforms-validate wpforms-form wpforms-ajax-form\" data-formid=\"15914\" method=\"post\" enctype=\"multipart\/form-data\" action=\"\/en\/wp-json\/wp\/v2\/pages\/2903\" data-token=\"287247821f01d1f8077d64718aa81583\" data-token-time=\"1776080313\"><noscript class=\"wpforms-error-noscript\">Please enable JavaScript in your browser to complete this form.<\/noscript><div class=\"wpforms-field-container\"><div id=\"wpforms-15914-field_0-container\" class=\"wpforms-field wpforms-field-name\" data-field-id=\"0\"><label class=\"wpforms-field-label\">\u0130sim soyisim <span class=\"wpforms-required-label\">*<\/span><\/label><div class=\"wpforms-field-row wpforms-field-medium\"><div class=\"wpforms-field-row-block wpforms-first wpforms-one-half\"><input type=\"text\" id=\"wpforms-15914-field_0\" class=\"wpforms-field-name-first wpforms-field-required\" name=\"wpforms[fields][0][first]\" required><label for=\"wpforms-15914-field_0\" class=\"wpforms-field-sublabel after\">First<\/label><\/div><div class=\"wpforms-field-row-block wpforms-one-half\"><input type=\"text\" id=\"wpforms-15914-field_0-last\" class=\"wpforms-field-name-last wpforms-field-required\" name=\"wpforms[fields][0][last]\" required><label for=\"wpforms-15914-field_0-last\" class=\"wpforms-field-sublabel after\">Last<\/label><\/div><\/div><\/div>\t\t<div id=\"wpforms-15914-field_4-container\"\n\t\t\tclass=\"wpforms-field wpforms-field-text\"\n\t\t\tdata-field-type=\"text\"\n\t\t\tdata-field-id=\"4\"\n\t\t\t>\n\t\t\t<label class=\"wpforms-field-label\" for=\"wpforms-15914-field_4\" >Mesaj\u0131n\u0131z E-posta \u0130sim<\/label>\n\t\t\t<input type=\"text\" id=\"wpforms-15914-field_4\" class=\"wpforms-field-medium\" name=\"wpforms[fields][4]\" >\n\t\t<\/div>\n\t\t<div id=\"wpforms-15914-field_3-container\" class=\"wpforms-field wpforms-field-checkbox\" data-field-id=\"3\"><label class=\"wpforms-field-label\">ileti\u015fim nedeni<\/label><ul id=\"wpforms-15914-field_3\"><li class=\"choice-1 depth-1\"><input type=\"checkbox\" id=\"wpforms-15914-field_3_1\" name=\"wpforms[fields][3][]\" value=\"D\u00fczenleme\"  ><label class=\"wpforms-field-label-inline\" for=\"wpforms-15914-field_3_1\">D\u00fczenleme<\/label><\/li><li class=\"choice-2 depth-1\"><input type=\"checkbox\" id=\"wpforms-15914-field_3_2\" name=\"wpforms[fields][3][]\" value=\"\u0130lan reklam\"  ><label class=\"wpforms-field-label-inline\" for=\"wpforms-15914-field_3_2\">\u0130lan reklam<\/label><\/li><li class=\"choice-4 depth-1\"><input type=\"checkbox\" id=\"wpforms-15914-field_3_4\" name=\"wpforms[fields][3][]\" value=\"Amasra&#039;da \u0130\u015f Ba\u015fvurusu\"  ><label class=\"wpforms-field-label-inline\" for=\"wpforms-15914-field_3_4\">Amasra'da \u0130\u015f Ba\u015fvurusu<\/label><\/li><li class=\"choice-3 depth-1\"><input type=\"checkbox\" id=\"wpforms-15914-field_3_3\" name=\"wpforms[fields][3][]\" value=\"Di\u011fer\"  ><label class=\"wpforms-field-label-inline\" for=\"wpforms-15914-field_3_3\">Di\u011fer<\/label><\/li><\/ul><\/div><div id=\"wpforms-15914-field_1-container\" class=\"wpforms-field wpforms-field-email\" data-field-id=\"1\"><label class=\"wpforms-field-label\" for=\"wpforms-15914-field_1\">E-posta <span class=\"wpforms-required-label\">*<\/span><\/label><input type=\"email\" id=\"wpforms-15914-field_1\" class=\"wpforms-field-medium wpforms-field-required\" name=\"wpforms[fields][1]\" spellcheck=\"false\" required><\/div><div id=\"wpforms-15914-field_2-container\" class=\"wpforms-field wpforms-field-textarea\" data-field-id=\"2\"><label class=\"wpforms-field-label\" for=\"wpforms-15914-field_2\">Mesaj\u0131n\u0131z <span class=\"wpforms-required-label\">*<\/span><\/label><textarea id=\"wpforms-15914-field_2\" class=\"wpforms-field-medium wpforms-field-required\" name=\"wpforms[fields][2]\" required><\/textarea><div class=\"wpforms-field-description\">amasra.com.tr, inkumu.com ve cakraz.com.tr ileti\u015fim<\/div><\/div><script>\n\t\t\t\t( function() {\n\t\t\t\t\tconst style = document.createElement( 'style' );\n\t\t\t\t\tstyle.appendChild( document.createTextNode( '#wpforms-15914-field_4-container { position: absolute !important; overflow: hidden !important; display: inline !important; height: 1px !important; width: 1px !important; z-index: -1000 !important; padding: 0 !important; } #wpforms-15914-field_4-container input { visibility: hidden; } #wpforms-conversational-form-page #wpforms-15914-field_4-container label { counter-increment: none; }' ) );\n\t\t\t\t\tdocument.head.appendChild( style );\n\t\t\t\t\tdocument.currentScript?.remove();\n\t\t\t\t} )();\n\t\t\t<\/script><\/div><!-- .wpforms-field-container --><div class=\"wpforms-submit-container\" ><input type=\"hidden\" name=\"wpforms[id]\" value=\"15914\"><input type=\"hidden\" name=\"page_title\" value=\"\"><input type=\"hidden\" name=\"page_url\" value=\"https:\/\/amasra.com.tr\/en\/wp-json\/wp\/v2\/pages\/2903\"><input type=\"hidden\" name=\"url_referer\" value=\"\"><button type=\"submit\" name=\"wpforms[submit]\" id=\"wpforms-submit-15914\" class=\"wpforms-submit\" data-alt-text=\"G\u00f6nderiliyor...\" data-submit-text=\"G\u00f6nder\" aria-live=\"assertive\" value=\"wpforms-submit\">G\u00f6nder<\/button><img loading=\"lazy\" decoding=\"async\" src=\"https:\/\/amasra.com.tr\/wp-content\/plugins\/wpforms-lite\/assets\/images\/submit-spin.svg\" class=\"wpforms-submit-spinner\" style=\"display: none;\" width=\"26\" height=\"26\" alt=\"Loading\"><\/div><\/form><\/div>  <!-- .wpforms-container -->\n<p>&nbsp;<\/p>\n","protected":false},"excerpt":{"rendered":"<p>Hizmet verdi\u011fimiz pazarlarda en iyi m\u00fc\u015fteri deneyimi sunma konusunda Bat\u0131 Karadeniz B\u00f6lgesi&#8217;nin en ba\u015far\u0131l\u0131 internet adresi. Otel, pansiyon, apart daire ve restoran ilanlar\u0131n\u0131z i\u00e7in\u00a0a\u015fa\u011f\u0131daki ileti\u015fim b\u00f6l\u00fcm\u00fcm\u00fcz\u00fc kullanabilirsiniz. &nbsp;<\/p>","protected":false},"author":1,"featured_media":0,"parent":0,"menu_order":0,"comment_status":"open","ping_status":"open","template":"","meta":{"footnotes":""},"class_list":["post-2903","page","type-page","status-publish","hentry"],"_hostinger_reach_plugin_has_subscription_block":false,"_hostinger_reach_plugin_is_elementor":false,"_links":{"self":[{"href":"https:\/\/amasra.com.tr\/en\/wp-json\/wp\/v2\/pages\/2903","targetHints":{"allow":["GET"]}}],"collection":[{"href":"https:\/\/amasra.com.tr\/en\/wp-json\/wp\/v2\/pages"}],"about":[{"href":"https:\/\/amasra.com.tr\/en\/wp-json\/wp\/v2\/types\/page"}],"author":[{"embeddable":true,"href":"https:\/\/amasra.com.tr\/en\/wp-json\/wp\/v2\/users\/1"}],"replies":[{"embeddable":true,"href":"https:\/\/amasra.com.tr\/en\/wp-json\/wp\/v2\/comments?post=2903"}],"version-history":[{"count":0,"href":"https:\/\/amasra.com.tr\/en\/wp-json\/wp\/v2\/pages\/2903\/revisions"}],"wp:attachment":[{"href":"https:\/\/amasra.com.tr\/en\/wp-json\/wp\/v2\/media?parent=2903"}],"curies":[{"name":"wp","href":"https:\/\/api.w.org\/{rel}","templated":true}]}}