{"id":1253,"date":"2013-05-03T15:53:35","date_gmt":"2013-05-03T12:53:35","guid":{"rendered":"http:\/\/amasra.com.tr\/blog\/"},"modified":"2014-05-08T01:54:29","modified_gmt":"2014-05-07T22:54:29","slug":"blog","status":"publish","type":"page","link":"https:\/\/amasra.com.tr\/es\/blog\/","title":{"rendered":"Blog"},"content":{"rendered":"<h3>Amasra.com.tr T\u00fcm Blog Yaz\u0131lar\u0131<\/h3>","protected":false},"excerpt":{"rendered":"<p>Amasra.com.tr T\u00fcm Blog Yaz\u0131lar\u0131<\/p>","protected":false},"author":1,"featured_media":0,"parent":0,"menu_order":0,"comment_status":"open","ping_status":"open","template":"home.php","meta":{"footnotes":""},"class_list":["post-1253","page","type-page","status-publish","hentry"],"_hostinger_reach_plugin_has_subscription_block":false,"_hostinger_reach_plugin_is_elementor":false,"_links":{"self":[{"href":"https:\/\/amasra.com.tr\/es\/wp-json\/wp\/v2\/pages\/1253","targetHints":{"allow":["GET"]}}],"collection":[{"href":"https:\/\/amasra.com.tr\/es\/wp-json\/wp\/v2\/pages"}],"about":[{"href":"https:\/\/amasra.com.tr\/es\/wp-json\/wp\/v2\/types\/page"}],"author":[{"embeddable":true,"href":"https:\/\/amasra.com.tr\/es\/wp-json\/wp\/v2\/users\/1"}],"replies":[{"embeddable":true,"href":"https:\/\/amasra.com.tr\/es\/wp-json\/wp\/v2\/comments?post=1253"}],"version-history":[{"count":0,"href":"https:\/\/amasra.com.tr\/es\/wp-json\/wp\/v2\/pages\/1253\/revisions"}],"wp:attachment":[{"href":"https:\/\/amasra.com.tr\/es\/wp-json\/wp\/v2\/media?parent=1253"}],"curies":[{"name":"wp","href":"https:\/\/api.w.org\/{rel}","templated":true}]}}