{"id":17380,"date":"2026-03-02T15:45:57","date_gmt":"2026-03-02T12:45:57","guid":{"rendered":"https:\/\/amasra.com.tr\/?page_id=17380"},"modified":"2026-03-02T18:10:07","modified_gmt":"2026-03-02T15:10:07","slug":"ada-apart-hediyeleri","status":"publish","type":"page","link":"https:\/\/amasra.com.tr\/es\/ada-apart-hediyeleri\/","title":{"rendered":"Ada Apart Hediyeleri"},"content":{"rendered":"  <div class=\"ada-wheel\" data-ada-wheel id=\"ada-wheel-aa261fd6-bf06-4eb8-9352-224534b99a25\" data-config='{&quot;singleSpinPerDevice&quot;:false,&quot;spinDurationMs&quot;:5200,&quot;minTurns&quot;:6,&quot;maxTurns&quot;:9,&quot;couponPrefix&quot;:&quot;ADA&quot;,&quot;googleLink&quot;:&quot;https:\/\/maps.app.goo.gl\/tRiHrhPqy1qfyaNW7&quot;,&quot;prizes&quot;:[{&quot;name&quot;:&quot;Hediye Bardak&quot;,&quot;meta&quot;:&quot;Resepsiyondan teslim&quot;,&quot;weight&quot;:28},{&quot;name&quot;:&quot;El \u0130\u015fi 5cm \u00c7ini Kase&quot;,&quot;meta&quot;:&quot;S\u0131n\u0131rl\u0131 stok&quot;,&quot;weight&quot;:18},{&quot;name&quot;:&quot;T\u00fcts\u00fc&quot;,&quot;meta&quot;:&quot;Mis gibi!&quot;,&quot;weight&quot;:24},{&quot;name&quot;:&quot;500TL al\u0131\u015fveri\u015fe 250TL bizden&quot;,&quot;meta&quot;:&quot;Kampanya&quot;,&quot;weight&quot;:30}],&quot;segmentGradients&quot;:[[&quot;#FFD86A&quot;,&quot;#3AD6FF&quot;],[&quot;#C69BFF&quot;,&quot;#7C5CFF&quot;],[&quot;#7CF5FF&quot;,&quot;#3AD6FF&quot;],[&quot;#FF7D7D&quot;,&quot;#FF4F8A&quot;]],&quot;labels&quot;:{&quot;noteReady&quot;:&quot;\u00c7ark\u0131 \u00e7evir ve hediyeni kazan!&quot;,&quot;noteSpinning&quot;:&quot;\u00c7ark d\u00f6n\u00fcyor\u2026 \ud83c\udf40&quot;,&quot;noteVerify&quot;:&quot;Kazananlar resepsiyonda do\u011frulan\u0131r \u2728&quot;,&quot;noteSingleSpin&quot;:&quot;Bu cihazda \u00e7ark daha \u00f6nce \u00e7evrilmi\u015f \ud83d\ude42 Resepsiyondan yard\u0131m alabilirsin.&quot;,&quot;resultBadge&quot;:&quot;Hediye Kazand\u0131n\u0131z! \ud83c\udf89&quot;,&quot;resultWon&quot;:&quot;\u00d6d\u00fcl:&quot;,&quot;resultHint&quot;:&quot;Resepsiyonumuza Google&#039;a yapt\u0131\u011f\u0131n\u0131z yorumla beraber ziyaret ederek hediyenizi alabilirsiniz \u2b50\ufe0f&quot;,&quot;copyBtn&quot;:&quot;Kupon Kodunu Kopyala&quot;,&quot;copiedBtn&quot;:&quot;Kopyaland\u0131 \u2705&quot;,&quot;copyFailBtn&quot;:&quot;Kopyalanamad\u0131&quot;,&quot;closeBtn&quot;:&quot;Kapat&quot;,&quot;footerText&quot;:&quot;Bizi Google\u2019da de\u011ferlendirmek ister misiniz?&quot;,&quot;footerLink&quot;:&quot;Google Yorum Linki \u2b50\ufe0f&quot;,&quot;reviewBtn&quot;:&quot;Google\u2019da Yorum Yap \u2b50\ufe0f&quot;,&quot;reviewNote&quot;:&quot;Yorumunuzu g\u00f6sterin, hediyenizi al\u0131n&quot;,&quot;step1&quot;:&quot;Google\u2019da yorum yap\u0131n&quot;,&quot;step2&quot;:&quot;Resepsiyona gelin&quot;,&quot;step3&quot;:&quot;Hediyenizi teslim al\u0131n&quot;,&quot;spinTop&quot;:&quot;\u00c7EV\u0130R&quot;,&quot;spinSub&quot;:&quot;\u015fans\u0131n\u0131 dene&quot;,&quot;panelTitle&quot;:&quot;Bug\u00fcn\u00fcn \u00d6d\u00fclleri&quot;,&quot;pill&quot;:&quot;Ada Apart&quot;,&quot;fineprint&quot;:&quot;* \u00d6d\u00fcller stok durumuna g\u00f6re de\u011fi\u015febilir. Kazananlar resepsiyonda do\u011frulan\u0131r.&quot;,&quot;couponLabel&quot;:&quot;Kupon Kodun:&quot;}}'>\n    <div class=\"ada-wheel__card\">\n      <div class=\"ada-wheel__header\">\n        <div class=\"ada-wheel__brand\">\n          <div class=\"ada-wheel__logo\" aria-hidden=\"true\">Ada<\/div>\n          <div>\n            <div class=\"ada-wheel__title\">Amasra Ada Apart<\/div>\n            <div class=\"ada-wheel__subtitle\">Misafirlere \u00f6zel s\u00fcrpriz \u00e7ark\u0131 \ud83c\udf81<\/div>\n          <\/div>\n        <\/div>\n        <div class=\"ada-wheel__note\" data-note><\/div>\n      <\/div>\n\n      <div class=\"ada-wheel__stage\">\n        <div class=\"ada-wheel__wheelWrap\">\n          <div class=\"ada-wheel__pointer\" aria-hidden=\"true\"><\/div>\n\n          <canvas class=\"ada-wheel__canvas\" width=\"760\" height=\"760\" aria-label=\"\u00c7ark\u0131felek\"><\/canvas>\n\n          <button class=\"ada-wheel__spinBtn\" type=\"button\" aria-label=\"\u00c7ark\u0131 \u00e7evir\" data-spin>\n            <span class=\"ada-wheel__spinBtnGlow\" aria-hidden=\"true\"><\/span>\n            <span class=\"ada-wheel__spinBtnInner\">\n              <span class=\"ada-wheel__spinBtnTop\" data-spin-top><\/span>\n              <span class=\"ada-wheel__spinBtnSub\" data-spin-sub><\/span>\n            <\/span>\n          <\/button>\n        <\/div>\n\n        <div class=\"ada-wheel__panel\">\n          <div class=\"ada-wheel__panelTop\">\n            <div class=\"ada-wheel__panelTitle\" data-panel-title><\/div>\n            <div class=\"ada-wheel__pill\" data-pill><\/div>\n          <\/div>\n\n          <ul class=\"ada-wheel__list\" data-prize-list><\/ul>\n\n          <div class=\"ada-wheel__fineprint\" data-fineprint><\/div>\n        <\/div>\n      <\/div>\n\n      <div class=\"ada-wheel__result\" data-result hidden>\n        <div class=\"ada-wheel__resultInner\">\n          <div class=\"ada-wheel__resultBadge\" data-result-badge><\/div>\n\n          <div class=\"ada-wheel__resultText\">\n            <span data-result-won><\/span> <span class=\"ada-wheel__resultPrize\" data-result-prize><\/span>\n          <\/div>\n\n          <div class=\"ada-wheel__resultHint\" data-result-hint><\/div>\n\n          <div class=\"ada-wheel__steps\" data-steps>\n            <div class=\"ada-wheel__step\"><span class=\"ada-wheel__stepNum\">1<\/span> <span data-step1><\/span><\/div>\n            <div class=\"ada-wheel__step\"><span class=\"ada-wheel__stepNum\">2<\/span> <span data-step2><\/span><\/div>\n            <div class=\"ada-wheel__step\"><span class=\"ada-wheel__stepNum\">3<\/span> <span data-step3><\/span><\/div>\n          <\/div>\n\n          <a class=\"ada-wheel__btn ada-wheel__btn--primary ada-wheel__btn--review\" href=\"#\" target=\"_blank\" rel=\"noopener\" data-review-btn><\/a>\n          <div class=\"ada-wheel__reviewNote\" data-review-note><\/div>\n\n\n          <div class=\"ada-wheel__resultActions\">\n            <button class=\"ada-wheel__btn\" type=\"button\" data-copy><\/button>\n            <button class=\"ada-wheel__btn ada-wheel__btn--ghost\" type=\"button\" data-close><\/button>\n          <\/div>\n\n          <div class=\"ada-wheel__coupon\">\n            <span data-coupon-label><\/span> <span class=\"ada-wheel__couponCode\" data-coupon><\/span>\n          <\/div>\n        <\/div>\n      <\/div>\n\n      <canvas class=\"ada-wheel__confetti\" aria-hidden=\"true\"><\/canvas>\n\n      <div class=\"ada-wheel__footer\">\n        <div class=\"ada-wheel__footerText\" data-footer-text><\/div>\n        <a class=\"ada-wheel__footerLink\" data-footer-link target=\"_blank\" rel=\"noopener\"><\/a>\n      <\/div>\n    <\/div>\n  <\/div>\n  \n","protected":false},"excerpt":{"rendered":"","protected":false},"author":1,"featured_media":0,"parent":0,"menu_order":0,"comment_status":"closed","ping_status":"closed","template":"","meta":{"footnotes":""},"class_list":["post-17380","page","type-page","status-publish","hentry"],"_hostinger_reach_plugin_has_subscription_block":false,"_hostinger_reach_plugin_is_elementor":false,"_links":{"self":[{"href":"https:\/\/amasra.com.tr\/es\/wp-json\/wp\/v2\/pages\/17380","targetHints":{"allow":["GET"]}}],"collection":[{"href":"https:\/\/amasra.com.tr\/es\/wp-json\/wp\/v2\/pages"}],"about":[{"href":"https:\/\/amasra.com.tr\/es\/wp-json\/wp\/v2\/types\/page"}],"author":[{"embeddable":true,"href":"https:\/\/amasra.com.tr\/es\/wp-json\/wp\/v2\/users\/1"}],"replies":[{"embeddable":true,"href":"https:\/\/amasra.com.tr\/es\/wp-json\/wp\/v2\/comments?post=17380"}],"version-history":[{"count":0,"href":"https:\/\/amasra.com.tr\/es\/wp-json\/wp\/v2\/pages\/17380\/revisions"}],"wp:attachment":[{"href":"https:\/\/amasra.com.tr\/es\/wp-json\/wp\/v2\/media?parent=17380"}],"curies":[{"name":"wp","href":"https:\/\/api.w.org\/{rel}","templated":true}]}}