{"id":17322,"date":"2025-11-02T16:45:16","date_gmt":"2025-11-02T13:45:16","guid":{"rendered":"https:\/\/amasra.com.tr\/?page_id=17322"},"modified":"2025-11-03T00:43:47","modified_gmt":"2025-11-02T21:43:47","slug":"hakkimizda","status":"publish","type":"page","link":"https:\/\/amasra.com.tr\/ru\/hakkimizda\/","title":{"rendered":"Hakk\u0131m\u0131zda"},"content":{"rendered":"<p data-start=\"14\" data-end=\"305\">Amasra.com.tr, <strong data-start=\"29\" data-end=\"68\">Amasra\u2019ya ve do\u011faya olan sevgimizle<\/strong> 1999 y\u0131l\u0131nda yola \u00e7\u0131kt\u0131. O g\u00fcnden bu yana, bu k\u00fc\u00e7\u00fck ama b\u00fcy\u00fcleyici kasaban\u0131n her mevsimde de\u011fi\u015fen y\u00fcz\u00fcn\u00fc anlatmay\u0131 s\u00fcrd\u00fcr\u00fcyoruz. Amac\u0131m\u0131z, Amasra\u2019y\u0131 sadece bir tatil noktas\u0131 de\u011fil, <strong data-start=\"250\" data-end=\"288\">ya\u015fayan bir do\u011fa ve tarih hik\u00e2yesi<\/strong> olarak tan\u0131tmak.<\/p>\n<p data-start=\"0\" data-end=\"201\">Amasra\u2019y\u0131 ke\u015ffetmeye g\u00f6n\u00fcl vermi\u015f bir ekibiz.<br data-start=\"45\" data-end=\"48\" \/>Do\u011fas\u0131n\u0131, tarihini ve deniz k\u00fclt\u00fcr\u00fcn\u00fc en do\u011fru \u015fekilde yans\u0131tmak i\u00e7in <strong data-start=\"118\" data-end=\"183\">yerel kaynaklardan, tarihsel ar\u015fivlerden ve saha gezilerinden<\/strong> yararlan\u0131yoruz.<\/p>\n<p data-start=\"203\" data-end=\"477\" data-is-last-node=\"\" data-is-only-node=\"\">Amac\u0131m\u0131z, Amasra\u2019y\u0131 ilk kez ziyaret edenlere g\u00fcvenilir bir rehber sunmak, b\u00f6lgeyi sevenlere ise her defas\u0131nda yeni bir ke\u015fif alan\u0131 yaratmak.<br data-start=\"343\" data-end=\"346\" \/>Gezilecek yerlerden plajlara, konaklama \u00f6nerilerinden mevsimsel bal\u0131k rehberine kadar t\u00fcm bilgilere <strong data-start=\"446\" data-end=\"477\" data-is-last-node=\"\">sitemizden ula\u015fabilirsiniz.<\/strong><\/p>\n<p data-start=\"2559\" data-end=\"2799\" data-is-last-node=\"\" data-is-only-node=\"\">S\u00f6z\u00fcm\u00fcz<br data-start=\"2566\" data-end=\"2569\" \/>Her i\u00e7erikte do\u011faya, denize ve Amasra\u2019ya duydu\u011fumuz sevgiyi payla\u015f\u0131yoruz. Amac\u0131m\u0131z, <strong data-start=\"2653\" data-end=\"2702\">ilk kez gelenlere rehber, s\u0131k gelenlere ilham<\/strong> olmak. Amasra\u2019n\u0131n do\u011fall\u0131\u011f\u0131n\u0131 koruyarak, her ziyaretin biraz daha \u00f6zel hissettirmesini sa\u011flamak.<\/p>","protected":false},"excerpt":{"rendered":"<p>Amasra.com.tr, Amasra\u2019ya ve do\u011faya olan sevgimizle 1999 y\u0131l\u0131nda yola \u00e7\u0131kt\u0131. O g\u00fcnden bu yana, bu k\u00fc\u00e7\u00fck ama b\u00fcy\u00fcleyici kasaban\u0131n her mevsimde de\u011fi\u015fen y\u00fcz\u00fcn\u00fc anlatmay\u0131 s\u00fcrd\u00fcr\u00fcyoruz. Amac\u0131m\u0131z, Amasra\u2019y\u0131 sadece bir tatil noktas\u0131 de\u011fil, ya\u015fayan bir do\u011fa ve tarih hik\u00e2yesi olarak tan\u0131tmak. Amasra\u2019y\u0131 ke\u015ffetmeye g\u00f6n\u00fcl vermi\u015f bir ekibiz.Do\u011fas\u0131n\u0131, tarihini ve deniz k\u00fclt\u00fcr\u00fcn\u00fc en do\u011fru \u015fekilde yans\u0131tmak i\u00e7in [&hellip;]<\/p>\n","protected":false},"author":1,"featured_media":0,"parent":0,"menu_order":0,"comment_status":"closed","ping_status":"closed","template":"","meta":{"footnotes":""},"class_list":["post-17322","page","type-page","status-publish","hentry"],"_hostinger_reach_plugin_has_subscription_block":false,"_hostinger_reach_plugin_is_elementor":false,"_links":{"self":[{"href":"https:\/\/amasra.com.tr\/ru\/wp-json\/wp\/v2\/pages\/17322","targetHints":{"allow":["GET"]}}],"collection":[{"href":"https:\/\/amasra.com.tr\/ru\/wp-json\/wp\/v2\/pages"}],"about":[{"href":"https:\/\/amasra.com.tr\/ru\/wp-json\/wp\/v2\/types\/page"}],"author":[{"embeddable":true,"href":"https:\/\/amasra.com.tr\/ru\/wp-json\/wp\/v2\/users\/1"}],"replies":[{"embeddable":true,"href":"https:\/\/amasra.com.tr\/ru\/wp-json\/wp\/v2\/comments?post=17322"}],"version-history":[{"count":0,"href":"https:\/\/amasra.com.tr\/ru\/wp-json\/wp\/v2\/pages\/17322\/revisions"}],"wp:attachment":[{"href":"https:\/\/amasra.com.tr\/ru\/wp-json\/wp\/v2\/media?parent=17322"}],"curies":[{"name":"wp","href":"https:\/\/api.w.org\/{rel}","templated":true}]}}