{"id":3890,"date":"2013-11-19T15:07:51","date_gmt":"2013-11-19T13:07:51","guid":{"rendered":"http:\/\/amasra.com.tr\/?page_id=3890"},"modified":"2013-11-19T15:13:55","modified_gmt":"2013-11-19T13:13:55","slug":"tasinmaz-kultur-varliklari-amasra","status":"publish","type":"page","link":"https:\/\/amasra.com.tr\/ru\/tasinmaz-kultur-varliklari-amasra\/","title":{"rendered":"Ta\u015f\u0131nmaz K\u00fclt\u00fcr Varl\u0131klar\u0131 (Amasra)"},"content":{"rendered":"<h3>Amasra&#8217;da Bulunan Tescillenmi\u015f Ta\u015f\u0131nmaz K\u00fclt\u00fcr Varl\u0131klar\u0131 Foto\u011fraflar\u0131<\/h3>\n<p align=\"JUSTIFY\"><strong>Ta\u015f\u0131nmaz \u00a0\u201cK\u00fclt\u00fcr varl\u0131klar\u0131\u201d Nedir ?<\/strong><\/p>\n<p align=\"JUSTIFY\">\u00a0Tarih \u00f6ncesi ve tarihi devirlere ait bilim, k\u00fclt\u00fcr, din ve g\u00fczel sanatlarla ilgili bulunan yer \u00fcst\u00fcnde, yer alt\u0131nda veya su alt\u0131ndaki b\u00fct\u00fcn ta\u015f\u0131n\u0131r ve ta\u015f\u0131nmaz varl\u0131klard\u0131r.<\/p>\n<p align=\"JUSTIFY\">\u00a0Amasra&#8217;da tescillenmi\u015f 13 adet ta\u015f\u0131nmaz k\u00fclt\u00fcr varl\u0131\u011f\u0131 bulunmaktad\u0131r. Amasra merkezinde bulunan bu ta\u015f\u0131nmaz k\u00fclt\u00fcr varl\u0131klar\u0131n\u0131n baz\u0131lar\u0131n\u0131n foto\u011fraflar\u0131 a\u015fa\u011f\u0131da g\u00f6sterilmi\u015ftir.<\/p>\n<p>\u00a0 [nggallery id=10]<\/p>\n","protected":false},"excerpt":{"rendered":"<p>Amasra&#8217;da Bulunan Tescillenmi\u015f Ta\u015f\u0131nmaz K\u00fclt\u00fcr Varl\u0131klar\u0131 Foto\u011fraflar\u0131 Ta\u015f\u0131nmaz \u00a0\u201cK\u00fclt\u00fcr varl\u0131klar\u0131\u201d Nedir ? \u00a0Tarih \u00f6ncesi ve tarihi devirlere ait bilim, k\u00fclt\u00fcr, din ve g\u00fczel sanatlarla ilgili bulunan yer \u00fcst\u00fcnde, yer alt\u0131nda veya su alt\u0131ndaki b\u00fct\u00fcn ta\u015f\u0131n\u0131r ve ta\u015f\u0131nmaz varl\u0131klard\u0131r. \u00a0Amasra&#8217;da tescillenmi\u015f 13 adet ta\u015f\u0131nmaz k\u00fclt\u00fcr varl\u0131\u011f\u0131 bulunmaktad\u0131r. Amasra merkezinde bulunan bu ta\u015f\u0131nmaz k\u00fclt\u00fcr varl\u0131klar\u0131n\u0131n baz\u0131lar\u0131n\u0131n foto\u011fraflar\u0131 [&hellip;]<\/p>\n","protected":false},"author":1,"featured_media":0,"parent":0,"menu_order":0,"comment_status":"open","ping_status":"open","template":"","meta":{"footnotes":""},"class_list":["post-3890","page","type-page","status-publish","hentry"],"_hostinger_reach_plugin_has_subscription_block":false,"_hostinger_reach_plugin_is_elementor":false,"_links":{"self":[{"href":"https:\/\/amasra.com.tr\/ru\/wp-json\/wp\/v2\/pages\/3890","targetHints":{"allow":["GET"]}}],"collection":[{"href":"https:\/\/amasra.com.tr\/ru\/wp-json\/wp\/v2\/pages"}],"about":[{"href":"https:\/\/amasra.com.tr\/ru\/wp-json\/wp\/v2\/types\/page"}],"author":[{"embeddable":true,"href":"https:\/\/amasra.com.tr\/ru\/wp-json\/wp\/v2\/users\/1"}],"replies":[{"embeddable":true,"href":"https:\/\/amasra.com.tr\/ru\/wp-json\/wp\/v2\/comments?post=3890"}],"version-history":[{"count":0,"href":"https:\/\/amasra.com.tr\/ru\/wp-json\/wp\/v2\/pages\/3890\/revisions"}],"wp:attachment":[{"href":"https:\/\/amasra.com.tr\/ru\/wp-json\/wp\/v2\/media?parent=3890"}],"curies":[{"name":"wp","href":"https:\/\/api.w.org\/{rel}","templated":true}]}}